{"id":3366,"date":"2025-02-17T16:27:01","date_gmt":"2025-02-17T16:27:01","guid":{"rendered":"https:\/\/funerariatenerife.com\/?page_id=3366"},"modified":"2025-02-17T16:58:43","modified_gmt":"2025-02-17T16:58:43","slug":"cremaciones-en-tenerife-serenidad-entre-volcanes-y-oceano","status":"publish","type":"page","link":"https:\/\/funerariatenerife.com\/en\/cremaciones-en-tenerife-serenidad-entre-volcanes-y-oceano","title":{"rendered":"(Espa\u00f1ol) Cremaciones en Tenerife \u2013 Serenidad entre Volcanes y Oc\u00e9ano"},"content":{"rendered":"\t\t<div data-elementor-type=\"wp-page\" data-elementor-id=\"3366\" class=\"elementor elementor-3366\" data-elementor-post-type=\"page\">\n\t\t\t\t\t\t<section class=\"elementor-section elementor-top-section elementor-element elementor-element-75dd4d9d elementor-section-boxed elementor-section-height-default elementor-section-height-default\" data-id=\"75dd4d9d\" data-element_type=\"section\" data-settings=\"{&quot;background_background&quot;:&quot;classic&quot;}\">\n\t\t\t\t\t\t\t<div class=\"elementor-background-overlay\"><\/div>\n\t\t\t\t\t\t\t<div class=\"elementor-container elementor-column-gap-no\">\n\t\t\t\t\t<div class=\"elementor-column elementor-col-100 elementor-top-column elementor-element elementor-element-5518c8d6\" data-id=\"5518c8d6\" data-element_type=\"column\">\n\t\t\t<div class=\"elementor-widget-wrap elementor-element-populated\">\n\t\t\t\t\t\t<div class=\"elementor-element elementor-element-e006da7 elementor-widget elementor-widget-image\" data-id=\"e006da7\" data-element_type=\"widget\" data-widget_type=\"image.default\">\n\t\t\t\t<div class=\"elementor-widget-container\">\n\t\t\t\t\t\t\t\t\t\t\t\t\t\t\t<img decoding=\"async\" width=\"200\" height=\"88\" src=\"https:\/\/funerariatenerife.com\/wp-content\/uploads\/2022\/09\/mec_logo_bk-e1661852978982.png\" class=\"attachment-medium size-medium wp-image-3317\" alt=\"\" \/>\t\t\t\t\t\t\t\t\t\t\t\t\t\t\t<\/div>\n\t\t\t\t<\/div>\n\t\t\t\t<div class=\"elementor-element elementor-element-60e7cdcb elementor-widget elementor-widget-heading\" data-id=\"60e7cdcb\" data-element_type=\"widget\" data-widget_type=\"heading.default\">\n\t\t\t\t<div class=\"elementor-widget-container\">\n\t\t\t\t\t<h1 class=\"elementor-heading-title elementor-size-default\">Cremaciones en Tenerife<\/h1>\t\t\t\t<\/div>\n\t\t\t\t<\/div>\n\t\t\t\t<div class=\"elementor-element elementor-element-5f9b116e elementor-widget-divider--view-line elementor-widget elementor-widget-divider\" data-id=\"5f9b116e\" data-element_type=\"widget\" data-widget_type=\"divider.default\">\n\t\t\t\t<div class=\"elementor-widget-container\">\n\t\t\t\t\t\t\t<div class=\"elementor-divider\">\n\t\t\t<span class=\"elementor-divider-separator\">\n\t\t\t\t\t\t<\/span>\n\t\t<\/div>\n\t\t\t\t\t\t<\/div>\n\t\t\t\t<\/div>\n\t\t\t\t<div class=\"elementor-element elementor-element-4ebc9ee8 elementor-widget elementor-widget-heading\" data-id=\"4ebc9ee8\" data-element_type=\"widget\" data-widget_type=\"heading.default\">\n\t\t\t\t<div class=\"elementor-widget-container\">\n\t\t\t\t\t<h1 class=\"elementor-heading-title elementor-size-default\">Serenidad entre Volcanes y Oc\u00e9ano<\/h1>\t\t\t\t<\/div>\n\t\t\t\t<\/div>\n\t\t\t\t<div class=\"elementor-element elementor-element-6b953902 elementor-align-center elementor-widget elementor-widget-button\" data-id=\"6b953902\" data-element_type=\"widget\" data-widget_type=\"button.default\">\n\t\t\t\t<div class=\"elementor-widget-container\">\n\t\t\t\t\t\t\t\t\t<div class=\"elementor-button-wrapper\">\n\t\t\t\t\t<a class=\"elementor-button elementor-button-link elementor-size-xl\" href=\"tel:+34922%2011%2022%2033\">\n\t\t\t\t\t\t<span class=\"elementor-button-content-wrapper\">\n\t\t\t\t\t\t<span class=\"elementor-button-icon\">\n\t\t\t\t<i aria-hidden=\"true\" class=\"fas fa-phone-alt\"><\/i>\t\t\t<\/span>\n\t\t\t\t\t\t\t\t\t<span class=\"elementor-button-text\">Solicitar Informaci\u00f3n<\/span>\n\t\t\t\t\t<\/span>\n\t\t\t\t\t<\/a>\n\t\t\t\t<\/div>\n\t\t\t\t\t\t\t\t<\/div>\n\t\t\t\t<\/div>\n\t\t\t\t\t<\/div>\n\t\t<\/div>\n\t\t\t\t\t<\/div>\n\t\t<\/section>\n\t\t\t\t<section class=\"elementor-section elementor-top-section elementor-element elementor-element-1fb54e87 elementor-section-boxed elementor-section-height-default elementor-section-height-default\" data-id=\"1fb54e87\" data-element_type=\"section\">\n\t\t\t\t\t\t<div class=\"elementor-container elementor-column-gap-no\">\n\t\t\t\t\t<div class=\"elementor-column elementor-col-100 elementor-top-column elementor-element elementor-element-7f9b8d08\" data-id=\"7f9b8d08\" data-element_type=\"column\" data-settings=\"{&quot;background_background&quot;:&quot;classic&quot;}\">\n\t\t\t<div class=\"elementor-widget-wrap elementor-element-populated\">\n\t\t\t\t\t\t<section class=\"elementor-section elementor-inner-section elementor-element elementor-element-2bcb18e7 elementor-section-content-middle elementor-section-boxed elementor-section-height-default elementor-section-height-default\" data-id=\"2bcb18e7\" data-element_type=\"section\">\n\t\t\t\t\t\t<div class=\"elementor-container elementor-column-gap-no\">\n\t\t\t\t\t<div class=\"elementor-column elementor-col-100 elementor-inner-column elementor-element elementor-element-3ed8549c\" data-id=\"3ed8549c\" data-element_type=\"column\">\n\t\t\t<div class=\"elementor-widget-wrap elementor-element-populated\">\n\t\t\t\t\t\t<div class=\"elementor-element elementor-element-2cf4b71c elementor-widget elementor-widget-image\" data-id=\"2cf4b71c\" data-element_type=\"widget\" data-widget_type=\"image.default\">\n\t\t\t\t<div class=\"elementor-widget-container\">\n\t\t\t\t\t\t\t\t\t\t\t\t\t\t\t<img decoding=\"async\" width=\"150\" height=\"88\" src=\"https:\/\/funerariatenerife.com\/wp-content\/uploads\/2022\/01\/mec_logo_bk-e1661852913966-150x88.png\" class=\"attachment-thumbnail size-thumbnail wp-image-3259\" alt=\"\" \/>\t\t\t\t\t\t\t\t\t\t\t\t\t\t\t<\/div>\n\t\t\t\t<\/div>\n\t\t\t\t<div class=\"elementor-element elementor-element-0227209 elementor-widget elementor-widget-text-editor\" data-id=\"0227209\" data-element_type=\"widget\" data-widget_type=\"text-editor.default\">\n\t\t\t\t<div class=\"elementor-widget-container\">\n\t\t\t\t\t\t\t\t\t<p><span style=\"font-weight: 400;\">Una alternativa respetuosa y moderna, con opciones para preservar la memoria: desde urnas de cer\u00e1mica chasnera hasta memoriales en el Macizo de Anaga.<\/span><\/p>\t\t\t\t\t\t\t\t<\/div>\n\t\t\t\t<\/div>\n\t\t\t\t\t<\/div>\n\t\t<\/div>\n\t\t\t\t\t<\/div>\n\t\t<\/section>\n\t\t\t\t\t<\/div>\n\t\t<\/div>\n\t\t\t\t\t<\/div>\n\t\t<\/section>\n\t\t\t\t<section class=\"elementor-section elementor-top-section elementor-element elementor-element-d1d26e1 elementor-section-boxed elementor-section-height-default elementor-section-height-default\" data-id=\"d1d26e1\" data-element_type=\"section\" data-settings=\"{&quot;background_background&quot;:&quot;classic&quot;}\">\n\t\t\t\t\t\t\t<div class=\"elementor-background-overlay\"><\/div>\n\t\t\t\t\t\t\t<div class=\"elementor-container elementor-column-gap-no\">\n\t\t\t\t\t<div class=\"elementor-column elementor-col-100 elementor-top-column elementor-element elementor-element-aca3b03\" data-id=\"aca3b03\" data-element_type=\"column\">\n\t\t\t<div class=\"elementor-widget-wrap elementor-element-populated\">\n\t\t\t\t\t\t<div class=\"elementor-element elementor-element-2545baa elementor-widget elementor-widget-text-editor\" data-id=\"2545baa\" data-element_type=\"widget\" data-widget_type=\"text-editor.default\">\n\t\t\t\t<div class=\"elementor-widget-container\">\n\t\t\t\t\t\t\t\t\t<p><span style=\"color: #212e4e;\"><a style=\"color: #212e4e;\" href=\"https:\/\/funerariaslaspalmas.com\/politica-de-cookies\">Pol\u00edtica de Cookies EU<\/a>\u00a0\u00b7\u00a0<a style=\"color: #212e4e;\" href=\"https:\/\/funerariaslaspalmas.com\/aviso-legal\">Aviso Legal<\/a>\u00a0\u00b7\u00a0<a style=\"color: #212e4e;\" href=\"https:\/\/funerariaslaspalmas.com\/politica-de-privacidad-rgpd\">Pol\u00edtica de Privacidad RGPD<\/a><\/span><\/p>\t\t\t\t\t\t\t\t<\/div>\n\t\t\t\t<\/div>\n\t\t\t\t\t<\/div>\n\t\t<\/div>\n\t\t\t\t\t<\/div>\n\t\t<\/section>\n\t\t\t\t<\/div>\n\t\t","protected":false},"excerpt":{"rendered":"<p>Cremaciones en Tenerife Serenidad entre Volcanes y Oc\u00e9ano Solicitar Informaci\u00f3n Una alternativa respetuosa y moderna, con opciones para preservar la memoria: desde urnas de cer\u00e1mica chasnera hasta memoriales en el Macizo de Anaga. Pol\u00edtica de Cookies EU\u00a0\u00b7\u00a0Aviso Legal\u00a0\u00b7\u00a0Pol\u00edtica de Privacidad RGPD<\/p>\n","protected":false},"author":1,"featured_media":0,"parent":0,"menu_order":0,"comment_status":"closed","ping_status":"closed","template":"elementor_header_footer","meta":{"footnotes":""},"class_list":["post-3366","page","type-page","status-publish","hentry"],"_links":{"self":[{"href":"https:\/\/funerariatenerife.com\/en\/wp-json\/wp\/v2\/pages\/3366","targetHints":{"allow":["GET"]}}],"collection":[{"href":"https:\/\/funerariatenerife.com\/en\/wp-json\/wp\/v2\/pages"}],"about":[{"href":"https:\/\/funerariatenerife.com\/en\/wp-json\/wp\/v2\/types\/page"}],"author":[{"embeddable":true,"href":"https:\/\/funerariatenerife.com\/en\/wp-json\/wp\/v2\/users\/1"}],"replies":[{"embeddable":true,"href":"https:\/\/funerariatenerife.com\/en\/wp-json\/wp\/v2\/comments?post=3366"}],"version-history":[{"count":10,"href":"https:\/\/funerariatenerife.com\/en\/wp-json\/wp\/v2\/pages\/3366\/revisions"}],"predecessor-version":[{"id":3427,"href":"https:\/\/funerariatenerife.com\/en\/wp-json\/wp\/v2\/pages\/3366\/revisions\/3427"}],"wp:attachment":[{"href":"https:\/\/funerariatenerife.com\/en\/wp-json\/wp\/v2\/media?parent=3366"}],"curies":[{"name":"wp","href":"https:\/\/api.w.org\/{rel}","templated":true}]}}