{"id":2026,"date":"2017-07-19T09:43:44","date_gmt":"2017-07-19T09:43:44","guid":{"rendered":"https:\/\/funerariatenerife.com\/?page_id=2026"},"modified":"2017-07-19T09:43:44","modified_gmt":"2017-07-19T09:43:44","slug":"dna-family-book-2","status":"publish","type":"page","link":"https:\/\/funerariatenerife.com\/en\/dna-family-book-2","title":{"rendered":"Servicio de Repatriaci\u00f3n"},"content":{"rendered":"<div class=\"wpb-content-wrapper\"><p>[vc_row full_width=&#8221;stretch_row&#8221; css=&#8221;.vc_custom_1494855877637{padding-top: 100px !important;padding-bottom: 100px !important;background-image: url(https:\/\/funerariatenerife.com\/wp-content\/uploads\/2017\/05\/header.jpg?id=1857) !important;background-position: center !important;background-repeat: no-repeat !important;background-size: cover !important;}&#8221;][vc_column][vc_custom_heading text=&#8221;<strong>Conservar el ADN familiar<\/strong>&#8221; font_container=&#8221;tag:h1|font_size:56|text_align:center|color:%23ffffff|line_height:1.4&#8243; use_theme_fonts=&#8221;yes&#8221; css=&#8221;.vc_custom_1500457270930{margin-bottom: 5px !important;}&#8221;][vc_column_text basel_color_scheme=&#8221;light&#8221;]<\/p>\n<h2 class=\"font-title\" style=\"font-size: 36px; font-style: italic; text-align: center;\"><span style=\"color: #ffffff;\">Conservamos su informaci\u00f3n gen\u00e9tica para aplicaci\u00f3n m\u00e9dica<\/span><\/h2>\n<p>[\/vc_column_text][\/vc_column][\/vc_row][vc_row][vc_column][vc_empty_space height=&#8221;60px&#8221;][\/vc_column][\/vc_row][vc_row css=&#8221;.vc_custom_1451575485367{margin-bottom: 65px !important;}&#8221;][vc_column width=&#8221;1\/2&#8243; css=&#8221;.vc_custom_1451389567526{padding-right: 40px !important;}&#8221;][vc_empty_space][vc_empty_space][vc_empty_space][vc_single_image image=&#8221;2027&#8243; img_size=&#8221;full&#8221; css_animation=&#8221;left-to-right&#8221;][\/vc_column][vc_column width=&#8221;1\/2&#8243;][vc_row_inner][vc_column_inner][vc_empty_space height=&#8221;42px&#8221;][vc_column_text css=&#8221;.vc_custom_1500457513461{margin-bottom: 30px !important;}&#8221;]<\/p>\n<p class=\"p1\"><strong><span class=\"s1\">Conservar el ADN familiar<\/span><\/strong><\/p>\n<p>El ADN de cada individuo determina en gran medida c\u00f3mo ha sido, c\u00f3mo es e incluso c\u00f3mo podr\u00e1 ser su salud. Dado que entre familiares se comparte una gran parte de la informaci\u00f3n que se halla en el ADN, el hecho de disponer del de nuestros familiares y de su historia m\u00e9dica nos puede ayudar a nosotros y a nuestros descendientes a conocer el riesgo de desarrollar una patolog\u00eda tal vez frecuente en nuestra familia.<\/p>\n<p>Para algunas patolog\u00edas, las zonas del ADN que se deben estudiar para evaluar el riesgo de padecerla est\u00e1n muy bien identificadas. Para otras se est\u00e1 investigando intensamente y es probable que los avances cient\u00edficos permiten identificarlas en los pr\u00f3ximos a\u00f1os[\/vc_column_text][\/vc_column_inner][\/vc_row_inner][\/vc_column][vc_column][vc_column_text css=&#8221;.vc_custom_1500457526513{margin-bottom: 30px !important;}&#8221;]<\/p>\n<p>Cuando llegue ese momento, podr\u00e1 ser fundamental para las familias el conocer la informaci\u00f3n del ADN del m\u00e1ximo n\u00famero de sus miembros, especialmente de los afectos de enfermedades hereditarias graves.<br \/>\nComo reza nuestro lema, La informaci\u00f3n gen\u00e9tica puede ser vital para la salud de su familia. Cons\u00e9rvela hoy.<\/p>\n<p>La conservaci\u00f3n del ADN que ofrece el servicio DNA FAMILY BOOK no implica por s\u00ed sola conocer el grado de riesgo de padecer una enfermedad determinada.<\/p>\n<p>S\u00ed permite, en cambio, que la familia tenga a su disposici\u00f3n ese ADN cuando lo necesite, por ejemplo si el asesor gen\u00e9tico consultado en su momento por la familia (fuera del servicio DNA FAMILY BOOK) le recomendase analizar el ADN conservado.<\/p>\n<p>Si\u00e9ndo entonces la familia conocedora de su riesgo, los familiares cuya posibilidad de sufrir esa enfermedad sea baja se tranquilizaran, y en cambio, los familiares con riesgo moderado o elevado podr\u00e1n quiz\u00e1s recibir a tiempo propuestas de acciones preventivas, en el \u00e1mbito de la medicina personalizada.[\/vc_column_text][vc_row_inner][vc_column_inner width=&#8221;1\/2&#8243;][vc_btn title=&#8221;Dossier 1&#8243; color=&#8221;green&#8221; size=&#8221;lg&#8221; link=&#8221;url:https%3A%2F%2Ffunerariatenerife.com%2Fwp-content%2Fuploads%2F2017%2F07%2FDNA-FAMILY-BOOK-Funeraria-Espino-Garc%C3%ADa.pdf||target:%20_blank|&#8221;][\/vc_column_inner][vc_column_inner width=&#8221;1\/2&#8243;][vc_btn title=&#8221;Dossier 2&#8243; color=&#8221;green&#8221; size=&#8221;lg&#8221; link=&#8221;url:https%3A%2F%2Ffunerariatenerife.com%2Fwp-content%2Fuploads%2F2017%2F07%2FDNA-FAMILY-BOOK.pdf||target:%20_blank|&#8221;][\/vc_column_inner][\/vc_row_inner][\/vc_column][\/vc_row][vc_row full_width=&#8221;stretch_row&#8221; background_position=&#8221;center center&#8221; css=&#8221;.vc_custom_1494856038214{padding-top: 50px !important;padding-bottom: 0px !important;background: #232323 url(https:\/\/funerariatenerife.com\/wp-content\/uploads\/2017\/05\/divider_bg.jpg?id=1849) !important;background-position: center !important;background-repeat: no-repeat !important;background-size: cover !important;}&#8221;][vc_column basel_color_scheme=&#8221;light&#8221;][vc_row_inner css=&#8221;.vc_custom_1450023659115{margin-bottom: 60px !important;}&#8221;][vc_column_inner][vc_custom_heading text=&#8221;<strong>\u00bfNecesita ayuda?<br \/>\n+34 922 671 395 &#8211; +34 822 200 170<\/strong>&#8221; font_container=&#8221;tag:h2|font_size:42|text_align:center|color:%23ffffff|line_height:1.4&#8243; use_theme_fonts=&#8221;yes&#8221; css=&#8221;.vc_custom_1493828605112{margin-bottom: 20px !important;}&#8221;][\/vc_column_inner][\/vc_row_inner][\/vc_column][\/vc_row]<\/p>\n<\/div>","protected":false},"excerpt":{"rendered":"<p>[vc_row full_width=&#8221;stretch_row&#8221; css=&#8221;.vc_custom_1494855877637{padding-top: 100px !important;padding-bottom: 100px !important;background-image: url(https:\/\/funerariatenerife.com\/wp-content\/uploads\/2017\/05\/header.jpg?id=1857) !important;background-position: center !important;background-repeat: no-repeat !important;background-size: cover !important;}&#8221;][vc_column][vc_custom_heading text=&#8221;Conservar el ADN familiar&#8221; font_container=&#8221;tag:h1|font_size:56|text_align:center|color:%23ffffff|line_height:1.4&#8243; use_theme_fonts=&#8221;yes&#8221; css=&#8221;.vc_custom_1500457270930{margin-bottom: 5px !important;}&#8221;][vc_column_text basel_color_scheme=&#8221;light&#8221;] Conservamos su informaci\u00f3n gen\u00e9tica para aplicaci\u00f3n m\u00e9dica [\/vc_column_text][\/vc_column][\/vc_row][vc_row][vc_column][vc_empty_space height=&#8221;60px&#8221;][\/vc_column][\/vc_row][vc_row css=&#8221;.vc_custom_1451575485367{margin-bottom: 65px !important;}&#8221;][vc_column width=&#8221;1\/2&#8243; css=&#8221;.vc_custom_1451389567526{padding-right: 40px !important;}&#8221;][vc_empty_space][vc_empty_space][vc_empty_space][vc_single_image image=&#8221;2027&#8243; img_size=&#8221;full&#8221; css_animation=&#8221;left-to-right&#8221;][\/vc_column][vc_column width=&#8221;1\/2&#8243;][vc_row_inner][vc_column_inner][vc_empty_space height=&#8221;42px&#8221;][vc_column_text css=&#8221;.vc_custom_1500457513461{margin-bottom: 30px !important;}&#8221;] Conservar el ADN familiar El ADN [&hellip;]<\/p>\n","protected":false},"author":1,"featured_media":0,"parent":0,"menu_order":0,"comment_status":"closed","ping_status":"closed","template":"","meta":{"footnotes":""},"class_list":["post-2026","page","type-page","status-publish","hentry"],"_links":{"self":[{"href":"https:\/\/funerariatenerife.com\/en\/wp-json\/wp\/v2\/pages\/2026","targetHints":{"allow":["GET"]}}],"collection":[{"href":"https:\/\/funerariatenerife.com\/en\/wp-json\/wp\/v2\/pages"}],"about":[{"href":"https:\/\/funerariatenerife.com\/en\/wp-json\/wp\/v2\/types\/page"}],"author":[{"embeddable":true,"href":"https:\/\/funerariatenerife.com\/en\/wp-json\/wp\/v2\/users\/1"}],"replies":[{"embeddable":true,"href":"https:\/\/funerariatenerife.com\/en\/wp-json\/wp\/v2\/comments?post=2026"}],"version-history":[{"count":0,"href":"https:\/\/funerariatenerife.com\/en\/wp-json\/wp\/v2\/pages\/2026\/revisions"}],"wp:attachment":[{"href":"https:\/\/funerariatenerife.com\/en\/wp-json\/wp\/v2\/media?parent=2026"}],"curies":[{"name":"wp","href":"https:\/\/api.w.org\/{rel}","templated":true}]}}