{"id":1604,"date":"2019-04-25T07:59:29","date_gmt":"2019-04-25T07:59:29","guid":{"rendered":"https:\/\/nuevo.mecserviciosfunerarios.com\/?page_id=1604"},"modified":"2019-04-25T15:33:22","modified_gmt":"2019-04-25T15:33:22","slug":"trabaja-con-nosotros","status":"publish","type":"page","link":"https:\/\/funerariatenerife.com\/en\/trabaja-con-nosotros","title":{"rendered":"Trabaja con Nosotros"},"content":{"rendered":"<div class=\"wpb-content-wrapper\"><p>[vc_row full_width=&#8221;stretch_row_content_no_spaces&#8221; css=&#8221;.vc_custom_1494754537602{margin-bottom: 25px !important;background-color: #112f0c !important;}&#8221;][vc_column css=&#8221;.vc_custom_1450028681871{padding-top: 20px !important;padding-bottom: 20px !important;}&#8221;][vc_column_text]<\/p>\n<h3 class=\"font-title\" style=\"text-align: center; letter-spacing: 1px; margin-bottom: 10px;\"><span style=\"color: #ffffff;\">\u00bfQUIERES TRABAJAR CON NOSOTROS?<\/span><\/h3>\n<h3 style=\"text-align: center; font-size: 20px;\"><span style=\"color: #ffffff;\">ENV\u00cdANOS TU INFORMACI\u00d3N PARA ENTRAR EN NUESTRO PROCESO DE SELECCI\u00d3N.<\/span><\/h3>\n<p>[\/vc_column_text][\/vc_column][\/vc_row][vc_row full_width=&#8221;stretch_row_content&#8221; css=&#8221;.vc_custom_1494754640118{margin-top: -30px !important;margin-bottom: 65px !important;background-color: #fcfcfc !important;}&#8221;][vc_column width=&#8221;1\/6&#8243; css=&#8221;.vc_custom_1451389567526{padding-right: 40px !important;}&#8221;][\/vc_column][vc_column width=&#8221;2\/3&#8243;][vc_row_inner][vc_column_inner][vc_column_text css=&#8221;.vc_custom_1494667451791{margin-bottom: 30px !important;}&#8221;]<\/p>\n<p>[\/vc_column_text][vc_column_text][gravityform id=&#8221;20&#8243; title=&#8221;false&#8221; description=&#8221;false&#8221;][\/vc_column_text][\/vc_column_inner][\/vc_row_inner][\/vc_column][vc_column width=&#8221;1\/6&#8243;][\/vc_column][\/vc_row]<\/p>\n<\/div>","protected":false},"excerpt":{"rendered":"<p>[vc_row full_width=&#8221;stretch_row_content_no_spaces&#8221; css=&#8221;.vc_custom_1494754537602{margin-bottom: 25px !important;background-color: #112f0c !important;}&#8221;][vc_column css=&#8221;.vc_custom_1450028681871{padding-top: 20px !important;padding-bottom: 20px !important;}&#8221;][vc_column_text] \u00bfQUIERES TRABAJAR CON NOSOTROS? ENV\u00cdANOS TU INFORMACI\u00d3N PARA ENTRAR EN NUESTRO PROCESO DE SELECCI\u00d3N. [\/vc_column_text][\/vc_column][\/vc_row][vc_row full_width=&#8221;stretch_row_content&#8221; css=&#8221;.vc_custom_1494754640118{margin-top: -30px !important;margin-bottom: 65px !important;background-color: #fcfcfc !important;}&#8221;][vc_column width=&#8221;1\/6&#8243; css=&#8221;.vc_custom_1451389567526{padding-right: 40px !important;}&#8221;][\/vc_column][vc_column width=&#8221;2\/3&#8243;][vc_row_inner][vc_column_inner][vc_column_text css=&#8221;.vc_custom_1494667451791{margin-bottom: 30px !important;}&#8221;] [\/vc_column_text][vc_column_text][gravityform id=&#8221;20&#8243; title=&#8221;false&#8221; description=&#8221;false&#8221;][\/vc_column_text][\/vc_column_inner][\/vc_row_inner][\/vc_column][vc_column width=&#8221;1\/6&#8243;][\/vc_column][\/vc_row]<\/p>\n","protected":false},"author":1,"featured_media":0,"parent":0,"menu_order":0,"comment_status":"closed","ping_status":"closed","template":"","meta":{"footnotes":""},"class_list":["post-1604","page","type-page","status-publish","hentry"],"_links":{"self":[{"href":"https:\/\/funerariatenerife.com\/en\/wp-json\/wp\/v2\/pages\/1604","targetHints":{"allow":["GET"]}}],"collection":[{"href":"https:\/\/funerariatenerife.com\/en\/wp-json\/wp\/v2\/pages"}],"about":[{"href":"https:\/\/funerariatenerife.com\/en\/wp-json\/wp\/v2\/types\/page"}],"author":[{"embeddable":true,"href":"https:\/\/funerariatenerife.com\/en\/wp-json\/wp\/v2\/users\/1"}],"replies":[{"embeddable":true,"href":"https:\/\/funerariatenerife.com\/en\/wp-json\/wp\/v2\/comments?post=1604"}],"version-history":[{"count":2,"href":"https:\/\/funerariatenerife.com\/en\/wp-json\/wp\/v2\/pages\/1604\/revisions"}],"predecessor-version":[{"id":2292,"href":"https:\/\/funerariatenerife.com\/en\/wp-json\/wp\/v2\/pages\/1604\/revisions\/2292"}],"wp:attachment":[{"href":"https:\/\/funerariatenerife.com\/en\/wp-json\/wp\/v2\/media?parent=1604"}],"curies":[{"name":"wp","href":"https:\/\/api.w.org\/{rel}","templated":true}]}}