{"id":1236,"date":"2017-05-02T16:03:09","date_gmt":"2017-05-02T16:03:09","guid":{"rendered":"https:\/\/funerariatenerife.com\/?page_id=1236"},"modified":"2017-05-02T16:03:09","modified_gmt":"2017-05-02T16:03:09","slug":"servicios-2","status":"publish","type":"page","link":"https:\/\/funerariatenerife.com\/en\/servicios-2","title":{"rendered":"Servicios"},"content":{"rendered":"<div class=\"wpb-content-wrapper\"><p>[vc_row full_width=&#8221;stretch_row&#8221; css=&#8221;.vc_custom_1494855943520{padding-top: 100px !important;padding-bottom: 100px !important;background-image: url(https:\/\/funerariatenerife.com\/wp-content\/uploads\/2017\/05\/header.jpg?id=1857) !important;background-position: center !important;background-repeat: no-repeat !important;background-size: cover !important;}&#8221;][vc_column][vc_custom_heading text=&#8221;<strong>NUESTROS SERVICIOS<\/strong>&#8221; font_container=&#8221;tag:h1|font_size:56|text_align:center|color:%23ffffff|line_height:1.4&#8243; use_theme_fonts=&#8221;yes&#8221; css=&#8221;.vc_custom_1494518874771{margin-bottom: 5px !important;}&#8221;][vc_column_text basel_color_scheme=&#8221;light&#8221;]<\/p>\n<h2 class=\"font-title\" style=\"font-size: 36px; font-style: italic; text-align: center;\"><span style=\"color: #ffffff;\">Una gama completa de servicios para una organizaci\u00f3n impecable.<\/span><\/h2>\n<p>[\/vc_column_text][\/vc_column][\/vc_row][vc_row full_width=&#8221;stretch_row_content_no_spaces&#8221; content_placement=&#8221;middle&#8221; css=&#8221;.vc_custom_1494753254231{margin-top: -40px !important;margin-bottom: -40px !important;background-color: #f4f4f4 !important;}&#8221;][vc_column][vc_empty_space][vc_column_text css=&#8221;.vc_custom_1494753006253{margin-bottom: 30px !important;}&#8221;]<\/p>\n<h1 style=\"text-align: center; font-size: 38px; text-transform: uppercase; font-weight: bold;\"><span style=\"color: #112f0c;\">Configure su Servicio<\/span><\/h1>\n<p>[\/vc_column_text][vc_column_text css=&#8221;.vc_custom_1494753042694{padding-right: 30px !important;padding-left: 30px !important;}&#8221;]<\/p>\n<h3 style=\"font-size: 26px; text-align: center;\">Elija los servicios que quiere incluir en la organizaci\u00f3n del funeral. Le ofrecemos la posibilidad de configurar un Funeral a Medida con todas las caracter\u00edsticas que desee.<\/h3>\n<p>[\/vc_column_text][vc_btn title=&#8221;IR AL CONFIGURADOR&#8221; shape=&#8221;square&#8221; color=&#8221;green&#8221; size=&#8221;lg&#8221; align=&#8221;center&#8221; i_align=&#8221;right&#8221; i_icon_fontawesome=&#8221;fa fa-angle-right&#8221; add_icon=&#8221;true&#8221; link=&#8221;url:https%3A%2F%2Ffunerariatenerife.com%2Fpresupuesto|||&#8221;][vc_empty_space][\/vc_column][\/vc_row][vc_row content_placement=&#8221;middle&#8221; css=&#8221;.vc_custom_1494753583177{margin-top: 20px !important;}&#8221;][vc_column][vc_empty_space][vc_column_text css=&#8221;.vc_custom_1493808832435{margin-bottom: 30px !important;}&#8221;]<\/p>\n<h1 style=\"text-align: center; font-size: 38px; text-transform: uppercase; font-weight: bold;\"><span style=\"color: #112f0c;\">SERVICIOS FUNERARIOS<\/span><\/h1>\n<p>[\/vc_column_text][vc_column_text css=&#8221;.vc_custom_1495471877732{padding-right: 30px !important;padding-left: 30px !important;}&#8221;]<\/p>\n<ul>\n<li><strong>ASESORAMIENTO :<\/strong><\/li>\n<\/ul>\n<p><strong>Nuestro personal especializado\u00a0 y con a\u00f1os de experiencia estar\u00e1 a su disposici\u00f3n para asesorarle y realizar todas las gestiones oportunas.<\/strong><\/p>\n<ul>\n<li><strong>ELECCI\u00d3N DEL F\u00c9RETRO<\/strong><\/li>\n<\/ul>\n<p>Poseemos un amplio cat\u00e1logo de f\u00e9retros de primera calidad.<\/p>\n<ul>\n<li><strong>TRASLADO<\/strong>: Contamos con veh\u00edculos de las primeras marcas acondicionados para la realizaci\u00f3n de traslados as\u00ed como de personal profesional para llevar a cabo dichos traslados.<\/li>\n<li><strong>PREPARACI\u00d3N DEL DIFUNTO<\/strong>: Con un riguroso respeto se realizar\u00e1 el acondicionamiento del difunto, respetando su voluntad as\u00ed como la de sus seres queridos, mediante t\u00e9cnicas de tanatoest\u00e9tica y tanatopr\u00e1xia en las que continuamente nos encontramos en formaci\u00f3n.<\/li>\n<li><strong>SERVICIO DE FLORISTER\u00cdA<\/strong>: Disponemos de un amplio cat\u00e1logo floral, dise\u00f1ado para satisfacer las exigencias de nuestros clientes<strong><strong>.<br \/>\n<\/strong><\/strong><\/li>\n<li><strong>HILO MUSICAL<\/strong>: Disponemos de un amplio repertorio musical. La m\u00fasica conecta de una manera muy profunda con el dolor del duelo, y lo hace de una manera espont\u00e1nea, casi sin propon\u00e9rselo.<\/li>\n<li><strong>ELECCI\u00d3N DE URNAS<\/strong>: En caso de incineraci\u00f3n podr\u00e1 encontrar urnas de diferentes modelos y materiales (madera, cristal, cer\u00e1mica, metal, biodegradables).<\/li>\n<li><strong>ELECCI\u00d3N DE L\u00c1PIDAS<\/strong><\/li>\n<li><strong>ELECCI\u00d3N DE JOYAS FUNERARIAS<\/strong><\/li>\n<li><strong>VEH\u00cdCULO DE ACOMPA\u00d1AMIENTO<\/strong><\/li>\n<li><strong>SERVICIO DE CATERING<\/strong><\/li>\n<li><strong>PUBLICACI\u00d3N DE ESQUELAS: Redactamos y publicamos esquelas en los principales diarios para el funeral as\u00ed como para aniversarios.<\/strong><\/li>\n<\/ul>\n<p>[\/vc_column_text][\/vc_column][\/vc_row][vc_row full_width=&#8221;stretch_row&#8221; content_placement=&#8221;middle&#8221; css=&#8221;.vc_custom_1494753747962{margin-top: 20px !important;background-color: #f2f2f2 !important;}&#8221;][vc_column][vc_empty_space][vc_column_text css=&#8221;.vc_custom_1493810160458{margin-bottom: 30px !important;}&#8221;]<\/p>\n<h1 style=\"text-align: center; font-size: 38px; text-transform: uppercase; font-weight: bold;\"><span style=\"color: #112f0c;\">SERVICIO\u00a0DE GESTOR\u00cdA<\/span><\/h1>\n<p>[\/vc_column_text][vc_column_text css=&#8221;.vc_custom_1493810188319{padding-right: 30px !important;padding-left: 30px !important;}&#8221;]Con nuestro servicio de gestor\u00eda usted no tendr\u00e1 que preocuparse por ning\u00fan documento, pues\u00a0 realizaremos por usted la gesti\u00f3n documental en las administraciones, tanto p\u00fablicas, como privadas.[\/vc_column_text][\/vc_column][\/vc_row][vc_row content_placement=&#8221;middle&#8221; css=&#8221;.vc_custom_1494753634669{margin-top: 20px !important;}&#8221;][vc_column][vc_empty_space][vc_column_text css=&#8221;.vc_custom_1493810217535{margin-bottom: 30px !important;}&#8221;]<\/p>\n<h1 style=\"text-align: center; font-size: 38px; text-transform: uppercase; font-weight: bold;\"><span style=\"color: #112f0c;\">NOTA DE CONDOLENCIA<\/span><\/h1>\n<p>[\/vc_column_text][vc_column_text css=&#8221;.vc_custom_1493810248405{padding-right: 30px !important;padding-left: 30px !important;}&#8221;]De una manera sencilla puede hacer llegar su nota de condolencia sin tener que desplazarse. Nosotros la haremos llegar a su destinatario con la mayor confidencialidad. Usted tan solo tiene que rellenar el siguiente formulario y quedar\u00e1 registrada su <strong><em><u>NOTA DE CONDOLENCIA.<\/u><\/em><\/strong><\/p>\n<p>Adem\u00e1s le ofrecemos la posibilidad de acompa\u00f1ar su p\u00e9same con un detalle floral a su elecci\u00f3n, siempre con las mayores calidades.[\/vc_column_text][vc_btn title=&#8221;PUBLIQUE SU NOTA DE CONDOLENCIA&#8221; shape=&#8221;square&#8221; color=&#8221;green&#8221; size=&#8221;lg&#8221; align=&#8221;center&#8221; i_align=&#8221;right&#8221; i_icon_fontawesome=&#8221;fa fa-angle-right&#8221; add_icon=&#8221;true&#8221; link=&#8221;url:https%3A%2F%2Ffunerariatenerife.com%2Fproducto%2Fnota-de-condolencia|||&#8221;][\/vc_column][\/vc_row][vc_row full_width=&#8221;stretch_row&#8221; content_placement=&#8221;middle&#8221; css=&#8221;.vc_custom_1494753754049{margin-top: 20px !important;margin-bottom: 0px !important;background-color: #f2f2f2 !important;}&#8221;][vc_column][vc_empty_space][vc_column_text css=&#8221;.vc_custom_1493810314446{margin-bottom: 30px !important;}&#8221;]<\/p>\n<h1 style=\"text-align: center; font-size: 38px; text-transform: uppercase; font-weight: bold;\"><span style=\"color: #112f0c;\">OTROS SERVICIOS<\/span><\/h1>\n<p>[\/vc_column_text][vc_column_text css=&#8221;.vc_custom_1493810332039{padding-right: 30px !important;padding-left: 30px !important;}&#8221;]<\/p>\n<ul>\n<li><strong>ESQUELA ON-LINE<\/strong><\/li>\n<li><strong>FINANCIACI\u00d3N A SU MEDIDA<\/strong><\/li>\n<li><strong>FACILIDADES DE PAGO<\/strong><\/li>\n<li>Nos adaptamos a sus necesidades. Contacte con nosotros y mu\u00e9strenos sus inquietudes y nuestro personal le indicar\u00e1 las diferentes opciones de contrataci\u00f3n de nuestros servicios.<\/li>\n<li><strong>COMPA\u00d1\u00cdAS ASEGURADORAS<\/strong><\/li>\n<li>Somos colaboradores de las m\u00e1s prestigiosas compa\u00f1\u00edas de seguros, tanto nacionales como internacionales.<\/li>\n<li><strong>REPATRIACI\u00d3N Y TRASLADO INTERNACIONAL<\/strong><\/li>\n<li><strong>SERVICIO DE TRADUCCI\u00d3N<\/strong><\/li>\n<\/ul>\n<p>[\/vc_column_text][\/vc_column][\/vc_row][vc_row full_width=&#8221;stretch_row&#8221; background_position=&#8221;center center&#8221; css=&#8221;.vc_custom_1494856038214{padding-top: 50px !important;padding-bottom: 0px !important;background: #232323 url(https:\/\/funerariatenerife.com\/wp-content\/uploads\/2017\/05\/divider_bg.jpg?id=1849) !important;background-position: center !important;background-repeat: no-repeat !important;background-size: cover !important;}&#8221;][vc_column basel_color_scheme=&#8221;light&#8221;][vc_row_inner css=&#8221;.vc_custom_1450023659115{margin-bottom: 60px !important;}&#8221;][vc_column_inner][vc_custom_heading text=&#8221;<strong>\u00bfNecesita ayuda?<br \/>\n+34 922 671 395 &#8211; +34 822 200 170<\/strong>&#8221; font_container=&#8221;tag:h2|font_size:42|text_align:center|color:%23ffffff|line_height:1.4&#8243; use_theme_fonts=&#8221;yes&#8221; css=&#8221;.vc_custom_1493828605112{margin-bottom: 20px !important;}&#8221;][\/vc_column_inner][\/vc_row_inner][\/vc_column][\/vc_row]<\/p>\n<\/div>","protected":false},"excerpt":{"rendered":"<p>[vc_row full_width=&#8221;stretch_row&#8221; css=&#8221;.vc_custom_1494855943520{padding-top: 100px !important;padding-bottom: 100px !important;background-image: url(https:\/\/funerariatenerife.com\/wp-content\/uploads\/2017\/05\/header.jpg?id=1857) !important;background-position: center !important;background-repeat: no-repeat !important;background-size: cover !important;}&#8221;][vc_column][vc_custom_heading text=&#8221;NUESTROS SERVICIOS&#8221; font_container=&#8221;tag:h1|font_size:56|text_align:center|color:%23ffffff|line_height:1.4&#8243; use_theme_fonts=&#8221;yes&#8221; css=&#8221;.vc_custom_1494518874771{margin-bottom: 5px !important;}&#8221;][vc_column_text basel_color_scheme=&#8221;light&#8221;] Una gama completa de servicios para una organizaci\u00f3n impecable. [\/vc_column_text][\/vc_column][\/vc_row][vc_row full_width=&#8221;stretch_row_content_no_spaces&#8221; content_placement=&#8221;middle&#8221; css=&#8221;.vc_custom_1494753254231{margin-top: -40px !important;margin-bottom: -40px !important;background-color: #f4f4f4 !important;}&#8221;][vc_column][vc_empty_space][vc_column_text css=&#8221;.vc_custom_1494753006253{margin-bottom: 30px !important;}&#8221;] Configure su Servicio [\/vc_column_text][vc_column_text css=&#8221;.vc_custom_1494753042694{padding-right: 30px !important;padding-left: 30px !important;}&#8221;] Elija [&hellip;]<\/p>\n","protected":false},"author":1,"featured_media":0,"parent":0,"menu_order":0,"comment_status":"closed","ping_status":"closed","template":"","meta":{"footnotes":""},"class_list":["post-1236","page","type-page","status-publish","hentry"],"_links":{"self":[{"href":"https:\/\/funerariatenerife.com\/en\/wp-json\/wp\/v2\/pages\/1236","targetHints":{"allow":["GET"]}}],"collection":[{"href":"https:\/\/funerariatenerife.com\/en\/wp-json\/wp\/v2\/pages"}],"about":[{"href":"https:\/\/funerariatenerife.com\/en\/wp-json\/wp\/v2\/types\/page"}],"author":[{"embeddable":true,"href":"https:\/\/funerariatenerife.com\/en\/wp-json\/wp\/v2\/users\/1"}],"replies":[{"embeddable":true,"href":"https:\/\/funerariatenerife.com\/en\/wp-json\/wp\/v2\/comments?post=1236"}],"version-history":[{"count":0,"href":"https:\/\/funerariatenerife.com\/en\/wp-json\/wp\/v2\/pages\/1236\/revisions"}],"wp:attachment":[{"href":"https:\/\/funerariatenerife.com\/en\/wp-json\/wp\/v2\/media?parent=1236"}],"curies":[{"name":"wp","href":"https:\/\/api.w.org\/{rel}","templated":true}]}}